{"id":162,"date":"2022-04-02T17:39:01","date_gmt":"2022-04-02T15:39:01","guid":{"rendered":"https:\/\/corumtechnologies.com\/?page_id=162"},"modified":"2022-05-03T15:47:43","modified_gmt":"2022-05-03T13:47:43","slug":"kontakt","status":"publish","type":"page","link":"https:\/\/corumtechnologies.com\/index.php\/kontakt\/","title":{"rendered":""},"content":{"rendered":"\n<div class=\"wp-block-cover alignfull is-light\" style=\"min-height:123px;aspect-ratio:unset;\"><span aria-hidden=\"true\" class=\"has-white-background-color has-background-dim-100 wp-block-cover__gradient-background has-background-dim\"><\/span><img loading=\"lazy\" decoding=\"async\" width=\"612\" height=\"367\" class=\"wp-block-cover__image-background wp-image-187\" alt=\"\" src=\"https:\/\/corumtechnologies.com\/wp-content\/uploads\/2022\/04\/Light_grey.png\" data-object-fit=\"cover\" srcset=\"https:\/\/corumtechnologies.com\/wp-content\/uploads\/2022\/04\/Light_grey.png 612w, https:\/\/corumtechnologies.com\/wp-content\/uploads\/2022\/04\/Light_grey-300x180.png 300w\" sizes=\"auto, (max-width: 612px) 100vw, 612px\" \/><div class=\"wp-block-cover__inner-container is-layout-flow wp-block-cover-is-layout-flow\">\n<h2 class=\"has-text-align-center wp-block-heading\" style=\"font-size:24px;font-style:normal;font-weight:100\"> <\/h2>\n<\/div><\/div>\n\n\n\n<div class=\"wp-block-cover alignfull is-light\" style=\"min-height:952px;aspect-ratio:unset;\"><span aria-hidden=\"true\" class=\"has-background-dim-40 wp-block-cover__gradient-background has-background-dim\" style=\"background-color:#1e5569\"><\/span><img loading=\"lazy\" decoding=\"async\" width=\"612\" height=\"367\" class=\"wp-block-cover__image-background wp-image-187\" alt=\"\" src=\"https:\/\/corumtechnologies.com\/wp-content\/uploads\/2022\/04\/Light_grey.png\" data-object-fit=\"cover\" srcset=\"https:\/\/corumtechnologies.com\/wp-content\/uploads\/2022\/04\/Light_grey.png 612w, https:\/\/corumtechnologies.com\/wp-content\/uploads\/2022\/04\/Light_grey-300x180.png 300w\" sizes=\"auto, (max-width: 612px) 100vw, 612px\" \/><div class=\"wp-block-cover__inner-container is-layout-flow wp-block-cover-is-layout-flow\">\n<h2 class=\"wp-block-heading\"> <\/h2>\n\n\n\n<h2 class=\"has-text-align-center has-large-font-size wp-block-heading\" style=\"text-transform:uppercase;letter-spacing:10px\"><br>WSP\u00d3\u0141PRACA<br><br><\/h2>\n\n\n\n<h2 class=\"alignfull has-text-align-center wp-block-heading\" style=\"font-size:32px;font-style:normal;font-weight:100;letter-spacing:1.5px\">Pracuj z nami nad wielkimi rzeczami, bez zb\u0119dnego wysi\u0142ku. <\/h2>\n\n\n\n<h2 class=\"alignfull has-text-align-center wp-block-heading\" style=\"font-size:32px;font-style:normal;font-weight:100;letter-spacing:1.5px\">Twoje centrum dowodzenia transferem technologii realizowan\u0105 w ramach projekt\u00f3w, <br>zespo\u0142\u00f3w, a nawet ca\u0142ej indywidualnej sprzeda\u017cy.<br><br>Odnie\u015b sukces ju\u017c na starcie i przy zmieniaj\u0105cych si\u0119 potrzebach. <br><br>Wsp\u00f3\u0142pracuj z partnerem z naszej rozleg\u0142ej sieci partnerskiej, aby z \u0142atwo\u015bci\u0105 przeprowadzi\u0107 implementacj\u0119, wdro\u017cy\u0107 nowoczesne technologie produkcji, <br>spersonalizowa\u0107 swoje przep\u0142ywy produkt\u00f3w i nie tylko.<\/h2>\n\n\n\n<h2 class=\"has-text-align-center wp-block-heading\" style=\"font-size:24px;font-style:normal;font-weight:100\"> <\/h2>\n\n\n\n<div class=\"wp-block-columns is-layout-flex wp-container-core-columns-is-layout-9d6595d7 wp-block-columns-is-layout-flex\">\n<div class=\"wp-block-column is-layout-flow wp-block-column-is-layout-flow\">\r\n<!-- START JS for Form ID: 372 -->\r\n<script type=\"text\/javascript\">\r\njQuery(document).ready(function($) {\r\n\r\n    jQuery(\"#preloader-cqvleh\").fadeOut(500, function() {\r\n        jQuery(\"#ecf-form-cqvleh\").fadeIn(300);\r\n    });\r\n\r\n    Ladda.bind('.ladda-button');\r\n\r\n    $(function() {\r\n\r\n        \r\n        \/* Validation *\/\r\n        $(\"#form-cqvleh\").validate({\r\n            \/* Rules for form validation *\/\r\n            rules: {\r\n                name0:{required: true},email1:{required: true,email: true},text2:{required: true},message3:{required: true,minlength: 10},\r\n\r\n                            },\r\n            \/* Messages for form validation *\/\r\n            messages: {\r\n                name0:{required: \"This field is required\"},email1:{required: \"This field is required\"},text2:{required: \"This field is required\"},message3:{required: \"This field is required\"}            },\r\n            \/* Do not change code below *\/\r\n            errorPlacement: function(error, element) {\r\n                error.insertAfter(element.parent());\r\n            },\r\n\r\n            submitHandler: function(form) {\r\n                                ecf_onsubmit(jQuery('.form-cqvleh'));\r\n\r\n                \r\n            },\r\n\r\n            invalidHandler: function(form) {\r\n                Ladda.stopAll();\r\n            },\r\n\r\n            onkeyup: false,\r\n            onfocusout: false,\r\n            onclick: false\r\n\r\n        });\r\n    });\r\n\r\n\r\n    \/* Form Submit ( Ajax ) *\/\r\n    function ecf_onsubmit(form) {\r\n\r\n        if (form.attr('action') == '#') {\r\n\r\n            data = {};\r\n            eldat = [];\r\n            data['action'] = 'ecf_deliver_mail';\r\n            data['formid'] = '372';\r\n            data['security'] = 'd7ea581db3';\r\n\r\n\r\n            \r\n            jQuery('input, textarea', form).each(function(key) {\r\n\r\n                items = {};\r\n\r\n                if (typeof $(this).data('type') === 'undefined') {\r\n                    return true;\r\n                }\r\n\r\n\r\n                \r\n                items['type'] = $(this).data('type');\r\n                items['label'] = $(this).data('label');\r\n                items['value'] = this.value;\r\n                items['name'] = this.name;\r\n\r\n                eldat.push(items);\r\n\r\n            });\r\n\r\n\r\n                        data['allelmnt'] = JSON.stringify(eldat);\r\n\r\n            submitForm();\r\n\r\n            return false;\r\n\r\n        }\r\n\r\n    }\r\n\r\n    \/* Start submitForm\t *\/\r\n    function submitForm() {\r\n\r\n        jQuery.ajax({\r\n            url: 'https:\/\/corumtechnologies.com\/wp-admin\/admin-ajax.php',\r\n            type: 'POST',\r\n            dataType: 'json',\r\n            data: data,\r\n            success: function(data) {\r\n\r\n                if (data.Ok == true) {\r\n\r\n                    $(\"#form-cqvleh\").get(0).reset();\r\n\r\n                    if (data.msg == 'redirect') {\r\n                        window.location = \"http:\/\/\";\r\n                    } else {\r\n                        notifyme('Your Message Submitted Successfully', 'n', 'success',\r\n                            'left middle');\r\n                    }\r\n\r\n                } else {\r\n                    $(\"#form-cqvleh\").get(0).reset();\r\n                    notifyme(data.msg, 'n', 'error', 'left middle');\r\n                }\r\n\r\n                Ladda.stopAll();\r\n\r\n            }\r\n        });\r\n\r\n        \r\n    }\r\n\r\n\r\n    \/* Notify *\/\r\n    function notifyme(msg, b, typ, pos) {\r\n        if (b == 'n') {\r\n            b = 'cf-submittedcqvleh';\r\n        } else {\r\n            b = 'atccqvleh';\r\n        }\r\n\r\n        $(\"#\" + b).gnotify(msg, {\r\n            style: \"nbootstrap\",\r\n            elementPosition: pos,\r\n            className: typ\r\n        });\r\n\r\n        msg = null;\r\n        typ = null;\r\n\r\n    }\r\n\r\n});\r\n<\/script>\r\n<!-- END JS for Form ID: 372 -->\r\n\r\n<!-- START Form Markup for Form ID: 372 -->\r\n<div id=\"preloader-cqvleh\" class=\"ecfpreloader\"><\/div>\r\n<div id=\"ecf-form-cqvleh\" class=\"ecf-body\" style=\"display:none;\">\r\n    <form method=\"post\" enctype=\"multipart\/form-data\" action=\"#\" id=\"form-cqvleh\"\r\n        class=\"ecf-form form-cqvleh\">\r\n        <header>Kontakt<\/header>        <fieldset>\r\n            <section><label class=\"label\">Imi\u0119 i Nazwisko<\/label><label class=\"input\"><input data-type=\"name\" data-label=\"Imi\u0119 i Nazwisko\" id=\"name0\" type=\"text\" name=\"name0\" \/><\/label><\/section><section><label class=\"label\">Email<\/label><label class=\"input\"><input data-type=\"email\" data-label=\"Email\" id=\"email1\" type=\"text\" name=\"email1\" \/><\/label><\/section><section><label class=\"label\">Temat<\/label><label class=\"input\"><input data-type=\"text\" data-label=\"Temat\" id=\"text2\" type=\"text\" name=\"text2\" \/><\/label><\/section><section><label class=\"label\">Tre\u015b\u0107 wiadomo\u015bci<\/label><label class=\"textarea\"><textarea data-type=\"message\" data-label=\"Tre\u015b\u0107 wiadomo\u015bci\" id=\"message3\" name=\"message3\" rows=\"7\" ><\/textarea><\/label><\/section>        <\/fieldset>\r\n        <footer>\r\n            <button data-style=\"slide-down\" id=\"cf-submittedcqvleh\" class=\"ecfbutton ladda-button\"\r\n                type=\"submit\" name=\"cf-submittedcqvleh\"><span\r\n                    class=\"ladda-label\">SEND<\/span><\/button>\r\n        <\/footer>\r\n    <\/form>\r\n\r\n    \r\n<\/div>\r\n<!-- END Form Markup for Form ID: 372 -->\r\n\r\n\r\n<\/div>\n<\/div>\n<\/div><\/div>\n\n\n\n<p><\/p>\n\n\n\n<figure class=\"wp-block-image alignfull size-full\"><img loading=\"lazy\" decoding=\"async\" width=\"981\" height=\"782\" src=\"http:\/\/corumtechnologies.com\/wp-content\/uploads\/2022\/04\/collage.png\" alt=\"\" class=\"wp-image-476\" srcset=\"https:\/\/corumtechnologies.com\/wp-content\/uploads\/2022\/04\/collage.png 981w, https:\/\/corumtechnologies.com\/wp-content\/uploads\/2022\/04\/collage-300x239.png 300w, https:\/\/corumtechnologies.com\/wp-content\/uploads\/2022\/04\/collage-768x612.png 768w\" sizes=\"auto, (max-width: 981px) 100vw, 981px\" \/><\/figure>\n\n\n\n<div class=\"wp-block-cover alignfull\" style=\"min-height:212px;aspect-ratio:unset;\"><span aria-hidden=\"true\" class=\"has-background-dim-100 wp-block-cover__gradient-background has-background-dim\" style=\"background-color:#1e5569\"><\/span><img loading=\"lazy\" decoding=\"async\" width=\"612\" height=\"367\" class=\"wp-block-cover__image-background wp-image-187\" alt=\"\" src=\"https:\/\/corumtechnologies.com\/wp-content\/uploads\/2022\/04\/Light_grey.png\" style=\"object-position:49% 56%\" data-object-fit=\"cover\" data-object-position=\"49% 56%\" srcset=\"https:\/\/corumtechnologies.com\/wp-content\/uploads\/2022\/04\/Light_grey.png 612w, https:\/\/corumtechnologies.com\/wp-content\/uploads\/2022\/04\/Light_grey-300x180.png 300w\" sizes=\"auto, (max-width: 612px) 100vw, 612px\" \/><div class=\"wp-block-cover__inner-container is-layout-flow wp-block-cover-is-layout-flow\">\n<div class=\"wp-block-cover alignfull\" style=\"min-height:100px;aspect-ratio:unset;\"><span aria-hidden=\"true\" class=\"has-background-dim-100 wp-block-cover__gradient-background has-background-dim\" style=\"background-color:#1e5569\"><\/span><img loading=\"lazy\" decoding=\"async\" width=\"612\" height=\"367\" class=\"wp-block-cover__image-background wp-image-187\" alt=\"\" src=\"https:\/\/corumtechnologies.com\/wp-content\/uploads\/2022\/04\/Light_grey.png\" style=\"object-position:49% 56%\" data-object-fit=\"cover\" data-object-position=\"49% 56%\" srcset=\"https:\/\/corumtechnologies.com\/wp-content\/uploads\/2022\/04\/Light_grey.png 612w, https:\/\/corumtechnologies.com\/wp-content\/uploads\/2022\/04\/Light_grey-300x180.png 300w\" sizes=\"auto, (max-width: 612px) 100vw, 612px\" \/><div class=\"wp-block-cover__inner-container is-layout-flow wp-block-cover-is-layout-flow\">\n<h2 class=\"wp-block-heading\"><\/h2>\n\n\n\n<div class=\"wp-block-image\"><figure class=\"aligncenter size-full\"><img loading=\"lazy\" decoding=\"async\" width=\"512\" height=\"138\" src=\"https:\/\/corumtechnologies.com\/wp-content\/uploads\/2022\/04\/Logo_z_tekstem-cutout.png\" alt=\"\" class=\"wp-image-307\" title=\"\" srcset=\"https:\/\/corumtechnologies.com\/wp-content\/uploads\/2022\/04\/Logo_z_tekstem-cutout.png 512w, https:\/\/corumtechnologies.com\/wp-content\/uploads\/2022\/04\/Logo_z_tekstem-cutout-300x81.png 300w\" sizes=\"auto, (max-width: 512px) 100vw, 512px\" \/><\/figure><\/div>\n\n\n\n<div class=\"wp-block-columns is-layout-flex wp-container-core-columns-is-layout-9d6595d7 wp-block-columns-is-layout-flex\">\n<div class=\"wp-block-column is-layout-flow wp-block-column-is-layout-flow\">\n<h6 class=\"has-text-align-center has-text-color has-medium-font-size wp-block-heading\" style=\"color:#b3932c;font-style:normal;font-weight:100\">95-050 Konstantyn\u00f3w \u0141\u00f3dzki<br>ul. Lipowa 19<br>KRS 0000946211<br>NIP 7312074957<br>Regon 520990394<\/h6>\n<\/div>\n<\/div>\n<\/div><\/div>\n<\/div><\/div>\n\n\n\n<p><\/p>\n","protected":false},"excerpt":{"rendered":"","protected":false},"author":1,"featured_media":0,"parent":0,"menu_order":0,"comment_status":"closed","ping_status":"closed","template":"","meta":{"neve_meta_sidebar":"","neve_meta_container":"","neve_meta_enable_content_width":"","neve_meta_content_width":0,"neve_meta_title_alignment":"","neve_meta_author_avatar":"","neve_post_elements_order":"","neve_meta_disable_header":"","neve_meta_disable_footer":"","neve_meta_disable_title":"","footnotes":""},"class_list":["post-162","page","type-page","status-publish","hentry"],"_links":{"self":[{"href":"https:\/\/corumtechnologies.com\/index.php\/wp-json\/wp\/v2\/pages\/162","targetHints":{"allow":["GET"]}}],"collection":[{"href":"https:\/\/corumtechnologies.com\/index.php\/wp-json\/wp\/v2\/pages"}],"about":[{"href":"https:\/\/corumtechnologies.com\/index.php\/wp-json\/wp\/v2\/types\/page"}],"author":[{"embeddable":true,"href":"https:\/\/corumtechnologies.com\/index.php\/wp-json\/wp\/v2\/users\/1"}],"replies":[{"embeddable":true,"href":"https:\/\/corumtechnologies.com\/index.php\/wp-json\/wp\/v2\/comments?post=162"}],"version-history":[{"count":32,"href":"https:\/\/corumtechnologies.com\/index.php\/wp-json\/wp\/v2\/pages\/162\/revisions"}],"predecessor-version":[{"id":517,"href":"https:\/\/corumtechnologies.com\/index.php\/wp-json\/wp\/v2\/pages\/162\/revisions\/517"}],"wp:attachment":[{"href":"https:\/\/corumtechnologies.com\/index.php\/wp-json\/wp\/v2\/media?parent=162"}],"curies":[{"name":"wp","href":"https:\/\/api.w.org\/{rel}","templated":true}]}}