{"id":159,"date":"2022-04-02T17:35:21","date_gmt":"2022-04-02T15:35:21","guid":{"rendered":"https:\/\/corumtechnologies.com\/?page_id=159"},"modified":"2022-05-03T15:48:20","modified_gmt":"2022-05-03T13:48:20","slug":"159-2","status":"publish","type":"page","link":"https:\/\/corumtechnologies.com\/index.php\/159-2\/","title":{"rendered":""},"content":{"rendered":"\n<div class=\"wp-block-cover alignfull is-light\" style=\"min-height:123px;aspect-ratio:unset;\"><span aria-hidden=\"true\" class=\"has-white-background-color has-background-dim-100 wp-block-cover__gradient-background has-background-dim\"><\/span><img loading=\"lazy\" decoding=\"async\" width=\"612\" height=\"367\" class=\"wp-block-cover__image-background wp-image-187\" alt=\"\" src=\"https:\/\/corumtechnologies.com\/wp-content\/uploads\/2022\/04\/Light_grey.png\" data-object-fit=\"cover\" srcset=\"https:\/\/corumtechnologies.com\/wp-content\/uploads\/2022\/04\/Light_grey.png 612w, https:\/\/corumtechnologies.com\/wp-content\/uploads\/2022\/04\/Light_grey-300x180.png 300w\" sizes=\"auto, (max-width: 612px) 100vw, 612px\" \/><div class=\"wp-block-cover__inner-container is-layout-flow wp-block-cover-is-layout-flow\">\n<h2 class=\"has-text-align-center wp-block-heading\" style=\"font-size:24px;font-style:normal;font-weight:100\"> <\/h2>\n<\/div><\/div>\n\n\n\n<div class=\"wp-block-cover alignfull is-light\" style=\"min-height:430px;aspect-ratio:unset;\"><span aria-hidden=\"true\" class=\"has-background-dim-40 wp-block-cover__gradient-background has-background-dim\" style=\"background-color:#1e5569\"><\/span><img loading=\"lazy\" decoding=\"async\" width=\"612\" height=\"367\" class=\"wp-block-cover__image-background wp-image-187\" alt=\"\" src=\"https:\/\/corumtechnologies.com\/wp-content\/uploads\/2022\/04\/Light_grey.png\" data-object-fit=\"cover\" srcset=\"https:\/\/corumtechnologies.com\/wp-content\/uploads\/2022\/04\/Light_grey.png 612w, https:\/\/corumtechnologies.com\/wp-content\/uploads\/2022\/04\/Light_grey-300x180.png 300w\" sizes=\"auto, (max-width: 612px) 100vw, 612px\" \/><div class=\"wp-block-cover__inner-container is-layout-flow wp-block-cover-is-layout-flow\">\n<h2 class=\"has-text-align-center has-large-font-size wp-block-heading\" style=\"text-transform:uppercase;letter-spacing:10px\"><br><br>O NAS<\/h2>\n\n\n\n<h2 class=\"alignfull has-text-align-center wp-block-heading\" style=\"font-size:32px;font-style:normal;font-weight:100;letter-spacing:1.5px\"><br>Zajmujemy si\u0119 zwi\u0119kszaniem transferu technologii <br>i sprzeda\u017cy B2B pomi\u0119dzy krajami Europy i Azji. <\/h2>\n\n\n\n<h2 class=\"alignfull has-text-align-center wp-block-heading\" style=\"font-size:32px;font-style:normal;font-weight:100;letter-spacing:1.5px\">Oznacza to wsp\u00f3\u0142prac\u0119 z kadr\u0105 zarz\u0105dzaj\u0105c\u0105 na poziomie strategicznym. <\/h2>\n\n\n\n<h2 class=\"alignfull has-text-align-center wp-block-heading\" style=\"font-size:32px;font-style:normal;font-weight:100;letter-spacing:1.5px\">Dzi\u0119ki zrozumieniu strategii oraz wizji rozwoju, <br>budujemy dedykowane programy biznesowe i relacje wsp\u00f3\u0142pracy, <br>dostosowane do potrzeb i cel\u00f3w klienta. <\/h2>\n\n\n\n<h2 class=\"alignfull has-text-align-center wp-block-heading\" style=\"font-size:32px;font-style:normal;font-weight:100;letter-spacing:1.5px\">Wp\u0142ywa to bezpo\u015brednio na wynik i przek\u0142ada si\u0119 na d\u0142ugotrwa\u0142y sukces.  <br><br><\/h2>\n<\/div><\/div>\n\n\n\n<p><\/p>\n\n\n\n<figure class=\"wp-block-image alignfull size-large\"><img loading=\"lazy\" decoding=\"async\" width=\"1024\" height=\"684\" src=\"http:\/\/corumtechnologies.com\/wp-content\/uploads\/2022\/04\/USD-1024x684.jpg\" alt=\"\" class=\"wp-image-487\" srcset=\"https:\/\/corumtechnologies.com\/wp-content\/uploads\/2022\/04\/USD-1024x684.jpg 1024w, https:\/\/corumtechnologies.com\/wp-content\/uploads\/2022\/04\/USD-300x200.jpg 300w, https:\/\/corumtechnologies.com\/wp-content\/uploads\/2022\/04\/USD-768x513.jpg 768w, https:\/\/corumtechnologies.com\/wp-content\/uploads\/2022\/04\/USD-1536x1026.jpg 1536w, https:\/\/corumtechnologies.com\/wp-content\/uploads\/2022\/04\/USD-2048x1368.jpg 2048w, https:\/\/corumtechnologies.com\/wp-content\/uploads\/2022\/04\/USD-930x620.jpg 930w\" sizes=\"auto, (max-width: 1024px) 100vw, 1024px\" \/><\/figure>\n\n\n\n<div class=\"wp-block-cover alignfull\" style=\"min-height:100px;aspect-ratio:unset;\"><span aria-hidden=\"true\" class=\"has-background-dim-100 wp-block-cover__gradient-background has-background-dim\" style=\"background-color:#1e5569\"><\/span><img loading=\"lazy\" decoding=\"async\" width=\"612\" height=\"367\" class=\"wp-block-cover__image-background wp-image-187\" alt=\"\" src=\"https:\/\/corumtechnologies.com\/wp-content\/uploads\/2022\/04\/Light_grey.png\" style=\"object-position:49% 56%\" data-object-fit=\"cover\" data-object-position=\"49% 56%\" srcset=\"https:\/\/corumtechnologies.com\/wp-content\/uploads\/2022\/04\/Light_grey.png 612w, https:\/\/corumtechnologies.com\/wp-content\/uploads\/2022\/04\/Light_grey-300x180.png 300w\" sizes=\"auto, (max-width: 612px) 100vw, 612px\" \/><div class=\"wp-block-cover__inner-container is-layout-flow wp-block-cover-is-layout-flow\">\n<h2 class=\"wp-block-heading\"><\/h2>\n\n\n\n<div class=\"wp-block-image\"><figure class=\"aligncenter size-full\"><img loading=\"lazy\" decoding=\"async\" width=\"512\" height=\"138\" src=\"https:\/\/corumtechnologies.com\/wp-content\/uploads\/2022\/04\/Logo_z_tekstem-cutout.png\" alt=\"\" class=\"wp-image-307\" title=\"\" srcset=\"https:\/\/corumtechnologies.com\/wp-content\/uploads\/2022\/04\/Logo_z_tekstem-cutout.png 512w, https:\/\/corumtechnologies.com\/wp-content\/uploads\/2022\/04\/Logo_z_tekstem-cutout-300x81.png 300w\" sizes=\"auto, (max-width: 512px) 100vw, 512px\" \/><\/figure><\/div>\n\n\n\n<div class=\"wp-block-columns is-layout-flex wp-container-core-columns-is-layout-9d6595d7 wp-block-columns-is-layout-flex\">\n<div class=\"wp-block-column is-layout-flow wp-block-column-is-layout-flow\">\n<h6 class=\"has-text-align-center has-text-color has-medium-font-size wp-block-heading\" style=\"color:#b3932c;font-style:normal;font-weight:100\">95-050 Konstantyn\u00f3w \u0141\u00f3dzki<br>ul. Lipowa 19<br>KRS 0000946211<br>NIP 7312074957<br>Regon 520990394<\/h6>\n<\/div>\n<\/div>\n<\/div><\/div>\n\n\n\n<div class=\"wp-block-columns is-layout-flex wp-container-core-columns-is-layout-9d6595d7 wp-block-columns-is-layout-flex\">\n<div class=\"wp-block-column is-layout-flow wp-block-column-is-layout-flow\" style=\"flex-basis:100%\"><\/div>\n<\/div>\n\n\n\n<p><\/p>\n","protected":false},"excerpt":{"rendered":"","protected":false},"author":1,"featured_media":0,"parent":0,"menu_order":0,"comment_status":"closed","ping_status":"closed","template":"","meta":{"neve_meta_sidebar":"","neve_meta_container":"","neve_meta_enable_content_width":"","neve_meta_content_width":0,"neve_meta_title_alignment":"","neve_meta_author_avatar":"","neve_post_elements_order":"","neve_meta_disable_header":"","neve_meta_disable_footer":"","neve_meta_disable_title":"","footnotes":""},"class_list":["post-159","page","type-page","status-publish","hentry"],"_links":{"self":[{"href":"https:\/\/corumtechnologies.com\/index.php\/wp-json\/wp\/v2\/pages\/159","targetHints":{"allow":["GET"]}}],"collection":[{"href":"https:\/\/corumtechnologies.com\/index.php\/wp-json\/wp\/v2\/pages"}],"about":[{"href":"https:\/\/corumtechnologies.com\/index.php\/wp-json\/wp\/v2\/types\/page"}],"author":[{"embeddable":true,"href":"https:\/\/corumtechnologies.com\/index.php\/wp-json\/wp\/v2\/users\/1"}],"replies":[{"embeddable":true,"href":"https:\/\/corumtechnologies.com\/index.php\/wp-json\/wp\/v2\/comments?post=159"}],"version-history":[{"count":21,"href":"https:\/\/corumtechnologies.com\/index.php\/wp-json\/wp\/v2\/pages\/159\/revisions"}],"predecessor-version":[{"id":518,"href":"https:\/\/corumtechnologies.com\/index.php\/wp-json\/wp\/v2\/pages\/159\/revisions\/518"}],"wp:attachment":[{"href":"https:\/\/corumtechnologies.com\/index.php\/wp-json\/wp\/v2\/media?parent=159"}],"curies":[{"name":"wp","href":"https:\/\/api.w.org\/{rel}","templated":true}]}}